{"id":536,"date":"2023-07-07T10:20:08","date_gmt":"2023-07-07T09:20:08","guid":{"rendered":"https:\/\/flos-carmeli.nl\/?page_id=536"},"modified":"2026-04-21T10:18:08","modified_gmt":"2026-04-21T09:18:08","slug":"word-vriend-van-de-flos","status":"publish","type":"page","link":"https:\/\/flos-carmeli.nl\/?page_id=536","title":{"rendered":"Word Vriend van de FLOS"},"content":{"rendered":"\n<p>De <strong>Vrienden van Flos Carmeli<\/strong> zijn van onschatbare waarde voor onze vereniging. Dankzij hun steun kunnen wij belangrijke kosten blijven dragen, zoals het onderhoud en de reparatie van instrumenten, de huur van onze repetitieruimte en de organisatie van concerten.<\/p>\n\n\n\n<div style=\"height:15px\" aria-hidden=\"true\" class=\"wp-block-spacer\"><\/div>\n\n\n\n<p>Voor Flos Carmeli staat \u00e9\u00e9n ding centraal. Zo veel mogelijk mensen, in het bijzonder jongeren, de kans geven om kennis te maken met een muziekinstrument. Waar mogelijk begeleiden we hen in het leren bespelen ervan, zodat zij uiteindelijk kunnen meespelen binnen onze vereniging.<\/p>\n\n\n\n<div style=\"height:14px\" aria-hidden=\"true\" class=\"wp-block-spacer\"><\/div>\n\n\n\n<p>Om dit mogelijk te maken, is financi\u00eble ondersteuning onmisbaar.<\/p>\n\n\n\n<div style=\"height:15px\" aria-hidden=\"true\" class=\"wp-block-spacer\"><\/div>\n\n\n\n<h3 class=\"wp-block-heading\">Word Vriend van Flos Carmeli!<\/h3>\n\n\n\n<p>Wilt u Vriend worden van Flos Carmeli voor slechts \u20ac25 per jaar? Daar zijn wij u zeer dankbaar voor!<\/p>\n\n\n\n<div style=\"height:15px\" aria-hidden=\"true\" class=\"wp-block-spacer\"><\/div>\n\n\n\n<h3 class=\"wp-block-heading\">Wat krijgt u ervoor terug?<\/h3>\n\n\n\n<ul class=\"wp-block-list\">\n<li>Een officieel certificaat &#8216;Vriend van Flos Carmeli&#8217;.<\/li>\n\n\n\n<li>Regelmatige informatie over de vereniging en onze muziek.<\/li>\n\n\n\n<li>Een muzikale verjaardagsgroet.<\/li>\n\n\n\n<li>Persoonlijke uitnodiging voor concerten.<\/li>\n\n\n\n<li>Een kijkje achter de schermen bij een repetitie van de harmonie of percussiegroep, inclusief \u00e9\u00e9n consumptie (graag vooraf aanmelden via e-mail).<\/li>\n\n\n\n<li>Een uitnodiging voor een gezellige borrel na de laatste repetitie v\u00f3\u00f3r de zomer, inclusief \u00e9\u00e9n consumptie.<\/li>\n\n\n\n<li>Een feestelijke kerstkaart als dank voor uw steun.<\/li>\n<\/ul>\n\n\n\n<div style=\"height:16px\" aria-hidden=\"true\" class=\"wp-block-spacer\"><\/div>\n\n\n\n<h3 class=\"wp-block-heading\">Hoe kunt u ons steunen?<\/h3>\n\n\n\n<p>U kunt uw bijdrage van \u20ac25 overmaken op rekeningnummer: <\/p>\n\n\n\n<p><strong>NL25 ABNA 0407 4772 25<\/strong><\/p>\n\n\n\n<p>Onder vermelding van \u2018Vriend van Flos\u2019.<\/p>\n\n\n\n<p><em>*Contant betalen is uiteraard ook mogelijk<\/em>.<em> Laat het ons weten.<\/em><\/p>\n\n\n\n<div style=\"height:10px\" aria-hidden=\"true\" class=\"wp-block-spacer\"><\/div>\n\n\n\n<p>Stuur vervolgens uw e-mailadres naar <a href=\"mailto:sponsoring@flos-carmeli.nl\">sponsoring@flos-carmeli.nl<\/a> en vermeld dat u <strong>Vriend<\/strong> bent geworden. Graag ontvangen wij dan uw volledige naam, e-mailadres en geboortedatum. Wij houden u dan op de hoogte van onze activiteiten.<\/p>\n\n\n\n<div style=\"height:74px\" aria-hidden=\"true\" class=\"wp-block-spacer\"><\/div>\n\n\n\n<p><em>Geen mails van ons ontvangen? Laat het ons weten via de <a href=\"sponsoring@flos-carmeli.nl\">mail.<\/a><\/em><\/p>\n\n\n\n<p><\/p>\n","protected":false},"excerpt":{"rendered":"<p>De Vrienden van Flos Carmeli zijn van onschatbare waarde voor onze vereniging. Dankzij hun steun kunnen wij belangrijke kosten blijven dragen, zoals het onderhoud en de reparatie van instrumenten, de huur van onze repetitieruimte en de organisatie van concerten. Voor Flos Carmeli staat \u00e9\u00e9n ding centraal. Zo veel mogelijk mensen, in het bijzonder jongeren, de [&hellip;]<\/p>\n","protected":false},"author":1,"featured_media":0,"parent":0,"menu_order":0,"comment_status":"closed","ping_status":"closed","template":"","meta":{"ngg_post_thumbnail":0,"footnotes":""},"class_list":["post-536","page","type-page","status-publish","hentry"],"_links":{"self":[{"href":"https:\/\/flos-carmeli.nl\/index.php?rest_route=\/wp\/v2\/pages\/536","targetHints":{"allow":["GET"]}}],"collection":[{"href":"https:\/\/flos-carmeli.nl\/index.php?rest_route=\/wp\/v2\/pages"}],"about":[{"href":"https:\/\/flos-carmeli.nl\/index.php?rest_route=\/wp\/v2\/types\/page"}],"author":[{"embeddable":true,"href":"https:\/\/flos-carmeli.nl\/index.php?rest_route=\/wp\/v2\/users\/1"}],"replies":[{"embeddable":true,"href":"https:\/\/flos-carmeli.nl\/index.php?rest_route=%2Fwp%2Fv2%2Fcomments&post=536"}],"version-history":[{"count":11,"href":"https:\/\/flos-carmeli.nl\/index.php?rest_route=\/wp\/v2\/pages\/536\/revisions"}],"predecessor-version":[{"id":684,"href":"https:\/\/flos-carmeli.nl\/index.php?rest_route=\/wp\/v2\/pages\/536\/revisions\/684"}],"wp:attachment":[{"href":"https:\/\/flos-carmeli.nl\/index.php?rest_route=%2Fwp%2Fv2%2Fmedia&parent=536"}],"curies":[{"name":"wp","href":"https:\/\/api.w.org\/{rel}","templated":true}]}}